{"id":2207,"date":"2025-04-03T16:44:41","date_gmt":"2025-04-03T14:44:41","guid":{"rendered":"https:\/\/upside-bouclesderouen.fr\/membres\/?page_id=2207"},"modified":"2025-04-03T16:44:41","modified_gmt":"2025-04-03T14:44:41","slug":"nez-en-seine","status":"publish","type":"page","link":"https:\/\/upside-bouclesderouen.fr\/membres\/nez-en-seine\/","title":{"rendered":"Contenu restreint"},"content":{"rendered":"<p>Vous n'avez peut \u00eatre pas acc\u00e8s \u00e0 cette page car vous n'\u00eates pas connect\u00e9 : <a href=\"https:\/\/upside-bouclesderouen.fr\/membres\/login\/\">connectez vous<\/a> !<br \/>(il faut activer son compte pour pouvoir se connecter)<\/p>\r\n\r\n<p>Si vous pensez que vous devriez avoir acc\u00e8s \u00e0 cette page, <a href=\"https:\/\/upside-bouclesderouen.fr\/membres\/formulaire-de-contact\/\">contactez-nous !<\/a><\/p>","protected":false},"excerpt":{"rendered":"","protected":false},"author":1,"featured_media":0,"parent":0,"menu_order":0,"comment_status":"closed","ping_status":"closed","template":"","meta":{"_kad_post_transparent":"","_kad_post_title":"","_kad_post_layout":"","_kad_post_sidebar_id":"","_kad_post_content_style":"","_kad_post_vertical_padding":"","_kad_post_feature":"","_kad_post_feature_position":"","_kad_post_header":false,"_kad_post_footer":false,"_kad_post_classname":"","footnotes":""},"class_list":["post-2207","page","type-page","status-publish","hentry"],"_links":{"self":[{"href":"https:\/\/upside-bouclesderouen.fr\/membres\/wp-json\/wp\/v2\/pages\/2207","targetHints":{"allow":["GET"]}}],"collection":[{"href":"https:\/\/upside-bouclesderouen.fr\/membres\/wp-json\/wp\/v2\/pages"}],"about":[{"href":"https:\/\/upside-bouclesderouen.fr\/membres\/wp-json\/wp\/v2\/types\/page"}],"author":[{"embeddable":true,"href":"https:\/\/upside-bouclesderouen.fr\/membres\/wp-json\/wp\/v2\/users\/1"}],"replies":[{"embeddable":true,"href":"https:\/\/upside-bouclesderouen.fr\/membres\/wp-json\/wp\/v2\/comments?post=2207"}],"version-history":[{"count":1,"href":"https:\/\/upside-bouclesderouen.fr\/membres\/wp-json\/wp\/v2\/pages\/2207\/revisions"}],"predecessor-version":[{"id":2208,"href":"https:\/\/upside-bouclesderouen.fr\/membres\/wp-json\/wp\/v2\/pages\/2207\/revisions\/2208"}],"wp:attachment":[{"href":"https:\/\/upside-bouclesderouen.fr\/membres\/wp-json\/wp\/v2\/media?parent=2207"}],"curies":[{"name":"wp","href":"https:\/\/api.w.org\/{rel}","templated":true}]}}