{"id":1766,"date":"2024-01-05T13:30:08","date_gmt":"2024-01-05T12:30:08","guid":{"rendered":"https:\/\/upside-bouclesderouen.fr\/membres\/?page_id=1766"},"modified":"2024-01-05T13:36:24","modified_gmt":"2024-01-05T12:36:24","slug":"mentions-legales","status":"publish","type":"page","link":"https:\/\/upside-bouclesderouen.fr\/membres\/mentions-legales\/","title":{"rendered":"Mentions l\u00e9gales"},"content":{"rendered":"\n<h4 class=\"wp-block-heading\"><strong>\u00c9diteur du Site<\/strong><\/h4>\n\n\n\n<p>Ce site est \u00e9dit\u00e9 par\u00a0<strong>UPSIDE &#8211; Boucles de Rouen<\/strong>&#8211; Association selon la loi du 1er juillet 1901<br>(Union Pour la Synergie Industrielle et le D\u00e9veloppement Economique des Boucles de Rouen)<br>form\u00e9e en 2021<br><strong>Si\u00e8ge social<\/strong>\u00a0: UPSIDE, 26 rue Alfred Kastler, 76170 Mont-Aignan<br>\u2709\ufe0f\u00a0<a href=\"mailto:contact@upside-bouclesderouen.fr\">contact@upside-bouclesderouen.fr<\/a><br>\ud83d\udcde 06.19.89.60.75<\/p>\n\n\n\n<h4 class=\"wp-block-heading\">Directeur de la publication<\/h4>\n\n\n\n<p>R\u00e9gis Saadi, pr\u00e9sident de l&#8217;association.<\/p>\n\n\n\n<h4 class=\"wp-block-heading\">Site design\u00e9 et cr\u00e9\u00e9 par<\/h4>\n\n\n\n<p><a href=\"https:\/\/mariew.fr\/\">Marie Wasilewski Graphisme<\/a><\/p>\n\n\n\n<h4 class=\"wp-block-heading\">Fournisseur d\u2019h\u00e9bergement<\/h4>\n\n\n\n<p>Soci\u00e9t\u00e9 : OVH<br>Adresse: 2 rue Kellermann \u2013 BP 80157 59053 ROUBAIX CEDEX 1<br>Serveur h\u00e9berg\u00e9 \u00e0 Gravelines en France<\/p>\n\n\n\n<p><\/p>\n\n\n\n<h4 class=\"wp-block-heading\"><strong>Propri\u00e9t\u00e9 Intellectuelle<\/strong><\/h4>\n\n\n\n<p>Ce site et son contenu sont la propri\u00e9t\u00e9 exclusive de Upside Boucles de Rouen Tous droits r\u00e9serv\u00e9s. Toute reproduction, m\u00eame partielle, est strictement interdite sans autorisation pr\u00e9alable.<\/p>\n\n\n\n<h4 class=\"wp-block-heading\"><strong>Collecte et Traitement des Donn\u00e9es Personnelles <\/strong><\/h4>\n\n\n\n<p>Les informations recueillies sur cet espace membres sont trait\u00e9es conform\u00e9ment \u00e0 notre politique de confidentialit\u00e9 :<\/p>\n\n\n\n<p><strong>1. Collecte d&#8217;Informations<\/strong><\/p>\n\n\n\n<p>Nous collectons des informations personnelles telles que votre nom, votre adresse e-mail et d&#8217;autres donn\u00e9es n\u00e9cessaires pour vous fournir nos services. Ces informations sont recueillies de mani\u00e8re volontaire lorsque vous remplissez des formulaires sur notre site.<\/p>\n\n\n\n<p><strong>2. Utilisation des Informations<\/strong><\/p>\n\n\n\n<p>Les informations collect\u00e9es sont utilis\u00e9es uniquement dans le but de vous fournir nos services, de personnaliser votre exp\u00e9rience utilisateur, et de vous informer sur des mises \u00e0 jour importantes. Nous ne partageons pas vos informations avec des tiers sans votre consentement explicite.<\/p>\n\n\n\n<p><strong>3. S\u00e9curit\u00e9 des Informations<\/strong><\/p>\n\n\n\n<p>Nous mettons en place des mesures de s\u00e9curit\u00e9 appropri\u00e9es pour prot\u00e9ger vos informations personnelles contre tout acc\u00e8s non autoris\u00e9, divulgation, alt\u00e9ration ou destruction.<\/p>\n\n\n\n<p><strong>4. Droits d&#8217;Acc\u00e8s et de Rectification<\/strong><\/p>\n\n\n\n<p>Vous avez le droit d&#8217;acc\u00e9der, de corriger et de supprimer vos informations personnelles. Pour exercer ces droits, vous pouvez le faire dans votre espace personnel ou nous contacter \u00e0 l&#8217;adresse mail : <a href=\"mailto:contact@upside-bouclesderouen.fr\">contact@upside-bouclesderouen.fr<\/a><\/p>\n\n\n\n<p>En utilisant notre site, vous consentez \u00e0 notre Politique de Confidentialit\u00e9.<\/p>\n\n\n\n<hr class=\"wp-block-separator has-alpha-channel-opacity\"\/>\n\n\n\n<ol class=\"wp-block-list\"><\/ol>\n\n\n\n<p>Ces mentions l\u00e9gales sont susceptibles d&#8217;\u00eatre mises \u00e0 jour. Il est recommand\u00e9 de les consulter r\u00e9guli\u00e8rement.<\/p>\n","protected":false},"excerpt":{"rendered":"<p>\u00c9diteur du Site Ce site est \u00e9dit\u00e9 par\u00a0UPSIDE &#8211; Boucles de Rouen&#8211; Association selon la loi du 1er juillet 1901(Union Pour la Synergie Industrielle et le D\u00e9veloppement Economique des Boucles de Rouen)form\u00e9e en 2021Si\u00e8ge social\u00a0: UPSIDE, 26 rue Alfred Kastler, 76170 Mont-Aignan\u2709\ufe0f\u00a0contact@upside-bouclesderouen.fr\ud83d\udcde 06.19.89.60.75 Directeur de la publication R\u00e9gis Saadi, pr\u00e9sident de l&#8217;association. Site design\u00e9 et&#8230;<\/p>\n","protected":false},"author":1,"featured_media":0,"parent":0,"menu_order":0,"comment_status":"closed","ping_status":"closed","template":"","meta":{"_kad_post_transparent":"","_kad_post_title":"","_kad_post_layout":"narrow","_kad_post_sidebar_id":"","_kad_post_content_style":"","_kad_post_vertical_padding":"","_kad_post_feature":"","_kad_post_feature_position":"","_kad_post_header":false,"_kad_post_footer":false,"_kad_post_classname":"","footnotes":""},"class_list":["post-1766","page","type-page","status-publish","hentry"],"_links":{"self":[{"href":"https:\/\/upside-bouclesderouen.fr\/membres\/wp-json\/wp\/v2\/pages\/1766","targetHints":{"allow":["GET"]}}],"collection":[{"href":"https:\/\/upside-bouclesderouen.fr\/membres\/wp-json\/wp\/v2\/pages"}],"about":[{"href":"https:\/\/upside-bouclesderouen.fr\/membres\/wp-json\/wp\/v2\/types\/page"}],"author":[{"embeddable":true,"href":"https:\/\/upside-bouclesderouen.fr\/membres\/wp-json\/wp\/v2\/users\/1"}],"replies":[{"embeddable":true,"href":"https:\/\/upside-bouclesderouen.fr\/membres\/wp-json\/wp\/v2\/comments?post=1766"}],"version-history":[{"count":3,"href":"https:\/\/upside-bouclesderouen.fr\/membres\/wp-json\/wp\/v2\/pages\/1766\/revisions"}],"predecessor-version":[{"id":1770,"href":"https:\/\/upside-bouclesderouen.fr\/membres\/wp-json\/wp\/v2\/pages\/1766\/revisions\/1770"}],"wp:attachment":[{"href":"https:\/\/upside-bouclesderouen.fr\/membres\/wp-json\/wp\/v2\/media?parent=1766"}],"curies":[{"name":"wp","href":"https:\/\/api.w.org\/{rel}","templated":true}]}}