{"id":1698,"date":"2023-12-27T18:10:40","date_gmt":"2023-12-27T17:10:40","guid":{"rendered":"https:\/\/upside-bouclesderouen.fr\/membres\/?page_id=1698"},"modified":"2025-02-05T16:10:02","modified_gmt":"2025-02-05T15:10:02","slug":"zones-de-travail","status":"publish","type":"page","link":"https:\/\/upside-bouclesderouen.fr\/membres\/zones-de-travail\/","title":{"rendered":"Contenu restreint"},"content":{"rendered":"<p>Vous n'avez peut \u00eatre pas acc\u00e8s \u00e0 cette page car vous n'\u00eates pas connect\u00e9 : <a href=\"https:\/\/upside-bouclesderouen.fr\/membres\/login\/\">connectez vous<\/a> !<br \/>(il faut activer son compte pour pouvoir se connecter)<\/p>\r\n\r\n<p>Si vous pensez que vous devriez avoir acc\u00e8s \u00e0 cette page, <a href=\"https:\/\/upside-bouclesderouen.fr\/membres\/formulaire-de-contact\/\">contactez-nous !<\/a><\/p>","protected":false},"excerpt":{"rendered":"","protected":false},"author":1,"featured_media":0,"parent":0,"menu_order":0,"comment_status":"closed","ping_status":"closed","template":"","meta":{"_kad_post_transparent":"","_kad_post_title":"","_kad_post_layout":"normal","_kad_post_sidebar_id":"","_kad_post_content_style":"default","_kad_post_vertical_padding":"default","_kad_post_feature":"","_kad_post_feature_position":"","_kad_post_header":false,"_kad_post_footer":false,"_kad_post_classname":"","footnotes":""},"class_list":["post-1698","page","type-page","status-publish","hentry"],"_links":{"self":[{"href":"https:\/\/upside-bouclesderouen.fr\/membres\/wp-json\/wp\/v2\/pages\/1698","targetHints":{"allow":["GET"]}}],"collection":[{"href":"https:\/\/upside-bouclesderouen.fr\/membres\/wp-json\/wp\/v2\/pages"}],"about":[{"href":"https:\/\/upside-bouclesderouen.fr\/membres\/wp-json\/wp\/v2\/types\/page"}],"author":[{"embeddable":true,"href":"https:\/\/upside-bouclesderouen.fr\/membres\/wp-json\/wp\/v2\/users\/1"}],"replies":[{"embeddable":true,"href":"https:\/\/upside-bouclesderouen.fr\/membres\/wp-json\/wp\/v2\/comments?post=1698"}],"version-history":[{"count":56,"href":"https:\/\/upside-bouclesderouen.fr\/membres\/wp-json\/wp\/v2\/pages\/1698\/revisions"}],"predecessor-version":[{"id":2193,"href":"https:\/\/upside-bouclesderouen.fr\/membres\/wp-json\/wp\/v2\/pages\/1698\/revisions\/2193"}],"wp:attachment":[{"href":"https:\/\/upside-bouclesderouen.fr\/membres\/wp-json\/wp\/v2\/media?parent=1698"}],"curies":[{"name":"wp","href":"https:\/\/api.w.org\/{rel}","templated":true}]}}