{"id":1690,"date":"2023-12-27T17:22:27","date_gmt":"2023-12-27T16:22:27","guid":{"rendered":"https:\/\/upside-bouclesderouen.fr\/membres\/?page_id=1690"},"modified":"2023-12-27T17:24:27","modified_gmt":"2023-12-27T16:24:27","slug":"devenir-membre","status":"publish","type":"page","link":"https:\/\/upside-bouclesderouen.fr\/membres\/devenir-membre\/","title":{"rendered":"Devenir membre"},"content":{"rendered":"<style>.kb-row-layout-id1690_e45d75-1e > .kt-row-column-wrap{align-content:start;}:where(.kb-row-layout-id1690_e45d75-1e > .kt-row-column-wrap) > .wp-block-kadence-column{justify-content:start;}.kb-row-layout-id1690_e45d75-1e > .kt-row-column-wrap{column-gap:var(--global-kb-gap-none, 0rem );row-gap:var(--global-kb-gap-md, 2rem);max-width:var( --global-content-width, 1290px );padding-left:var(--global-content-edge-padding);padding-right:var(--global-content-edge-padding);padding-top:var(--global-kb-spacing-lg, 3rem);padding-bottom:var(--global-kb-spacing-5xl, 10rem);grid-template-columns:minmax(0, 1fr);}.kb-row-layout-id1690_e45d75-1e{background-image:url('http:\/\/upsideg.cluster028.hosting.ovh.net\/membres\/wp-content\/uploads\/2023\/11\/image2_nb.png');background-size:cover;background-position:0% 0%;background-attachment:fixed;background-repeat:no-repeat;}.kb-row-layout-id1690_e45d75-1e > .kt-row-layout-overlay{opacity:0.30;}@media all and (max-width: 1024px), only screen and (min-device-width: 1024px) and (max-device-width: 1366px) and (-webkit-min-device-pixel-ratio: 2) and (hover: none){.kb-row-layout-id1690_e45d75-1e{background-attachment:scroll;}}@media all and (max-width: 1024px){.kb-row-layout-id1690_e45d75-1e > .kt-row-column-wrap{column-gap:var(--global-kb-gap-none, 0rem );grid-template-columns:minmax(0, 1fr);}}@media all and (max-width: 767px){.kb-row-layout-id1690_e45d75-1e > .kt-row-column-wrap{grid-template-columns:minmax(0, 1fr);}}<\/style><div class=\"kb-row-layout-wrap kb-row-layout-id1690_e45d75-1e alignfull kt-row-has-bg wp-block-kadence-rowlayout\"><div class=\"kt-row-column-wrap kt-has-1-columns kt-row-layout-equal kt-tab-layout-inherit kt-mobile-layout-row kt-row-valign-top kb-theme-content-width\">\n<style>.kadence-column1690_467eb9-c4 > .kt-inside-inner-col{display:flex;}.kadence-column1690_467eb9-c4 > .kt-inside-inner-col{padding-top:var(--global-kb-spacing-xl, 4rem);padding-right:var(--global-kb-spacing-xxl, 5rem);padding-bottom:var(--global-kb-spacing-xl, 4rem);padding-left:var(--global-kb-spacing-xxl, 5rem);}.kadence-column1690_467eb9-c4 > .kt-inside-inner-col,.kadence-column1690_467eb9-c4 > .kt-inside-inner-col:before{border-top-left-radius:0px;border-top-right-radius:0px;border-bottom-right-radius:0px;border-bottom-left-radius:0px;}.kadence-column1690_467eb9-c4 > .kt-inside-inner-col{column-gap:var(--global-kb-gap-sm, 1rem);}.kadence-column1690_467eb9-c4 > .kt-inside-inner-col{flex-direction:column;justify-content:flex-start;}.kadence-column1690_467eb9-c4 > .kt-inside-inner-col > .aligncenter{width:100%;}.kt-row-column-wrap > .kadence-column1690_467eb9-c4{align-self:flex-start;}.kt-inner-column-height-full:not(.kt-has-1-columns) > .wp-block-kadence-column.kadence-column1690_467eb9-c4{align-self:auto;}.kt-inner-column-height-full:not(.kt-has-1-columns) > .wp-block-kadence-column.kadence-column1690_467eb9-c4 > .kt-inside-inner-col{flex-direction:column;justify-content:flex-start;}.kadence-column1690_467eb9-c4 > .kt-inside-inner-col{background-image:linear-gradient(135deg,var(--global-palette1,#259c88) 0%,var(--global-palette9,#2c4b82) 100%);}.kadence-column1690_467eb9-c4 > .kt-inside-inner-col:before{opacity:0.3;}.kadence-column1690_467eb9-c4{text-align:center;}.kadence-column1690_467eb9-c4{position:relative;}@media all and (max-width: 1024px){.kadence-column1690_467eb9-c4 > .kt-inside-inner-col{padding-top:var(--global-kb-spacing-lg, 3rem);padding-right:var(--global-kb-spacing-lg, 3rem);padding-bottom:var(--global-kb-spacing-lg, 3rem);padding-left:var(--global-kb-spacing-lg, 3rem);flex-direction:column;justify-content:flex-start;}}@media all and (max-width: 1024px){.kt-row-column-wrap > .kadence-column1690_467eb9-c4{align-self:flex-start;}}@media all and (max-width: 1024px){.kt-inner-column-height-full:not(.kt-has-1-columns) > .wp-block-kadence-column.kadence-column1690_467eb9-c4{align-self:auto;}}@media all and (max-width: 1024px){.kt-inner-column-height-full:not(.kt-has-1-columns) > .wp-block-kadence-column.kadence-column1690_467eb9-c4 > .kt-inside-inner-col{flex-direction:column;justify-content:flex-start;}}@media all and (max-width: 767px){.kadence-column1690_467eb9-c4 > .kt-inside-inner-col{padding-top:var(--global-kb-spacing-md, 2rem);padding-right:var(--global-kb-spacing-md, 2rem);padding-bottom:var(--global-kb-spacing-md, 2rem);padding-left:var(--global-kb-spacing-md, 2rem);flex-direction:column;justify-content:flex-start;}.kt-row-column-wrap > .kadence-column1690_467eb9-c4{align-self:flex-start;}.kt-inner-column-height-full:not(.kt-has-1-columns) > .wp-block-kadence-column.kadence-column1690_467eb9-c4{align-self:auto;}.kt-inner-column-height-full:not(.kt-has-1-columns) > .wp-block-kadence-column.kadence-column1690_467eb9-c4 > .kt-inside-inner-col{flex-direction:column;justify-content:flex-start;}}<\/style>\n<div class=\"wp-block-kadence-column kadence-column1690_467eb9-c4 kb-section-dir-vertical inner-column-1\"><div class=\"kt-inside-inner-col\"><style>.kadence-column1690_9eebfc-19 > .kt-inside-inner-col,.kadence-column1690_9eebfc-19 > .kt-inside-inner-col:before{border-top-left-radius:0px;border-top-right-radius:0px;border-bottom-right-radius:0px;border-bottom-left-radius:0px;}.kadence-column1690_9eebfc-19 > .kt-inside-inner-col{column-gap:var(--global-kb-gap-sm, 1rem);}.kadence-column1690_9eebfc-19 > .kt-inside-inner-col{flex-direction:column;}.kadence-column1690_9eebfc-19 > .kt-inside-inner-col > .aligncenter{width:100%;}.kadence-column1690_9eebfc-19 > .kt-inside-inner-col:before{opacity:0.3;}.kadence-column1690_9eebfc-19{position:relative;}@media all and (max-width: 1024px){.kadence-column1690_9eebfc-19 > .kt-inside-inner-col{flex-direction:column;justify-content:center;}}@media all and (max-width: 767px){.kadence-column1690_9eebfc-19 > .kt-inside-inner-col{flex-direction:column;justify-content:center;}}<\/style>\n<div class=\"wp-block-kadence-column kadence-column1690_9eebfc-19\"><div class=\"kt-inside-inner-col\">\n<p class=\"has-theme-palette-3-color has-text-color has-link-color wp-elements-ec5d84ffd2c6e760f40a06c2af4ba06a\"><em>Nos activit\u00e9s vous int\u00e9ressent&nbsp;? Vous souhaitez devenir membre&nbsp;?<\/em><br><em>&nbsp;Tout site industriel implant\u00e9 sur le territoire de la M\u00e9tropole de Rouen peut adh\u00e9rer \u00e0 UPSIDE<\/em> :<\/p>\n\n\n<style>.kadence-form-1690_a22181-5c .kb-form .kadence-blocks-form-field label .required{color:var(--global-palette3, #1A202C);}.kadence-form-1690_a22181-5c .kb-form .kadence-blocks-form-field .kb-text-style-field, .kadence-form-1690_a22181-5c .kb-form .kadence-blocks-form-field .kb-select-style-field{color:var(--global-palette8, #F7FAFC);font-size:var(--global-kb-font-size-md, 1.25rem);background:linear-gradient(180deg, var(--global-palette3, #1A202C) 0%, var(--global-palette3, #1A202C) 100%);}.kadence-form-1690_a22181-5c .kb-form .kadence-blocks-form-field > label{color:var(--global-palette5, #4A5568);}.kadence-form-1690_a22181-5c .kb-form .kadence-blocks-form-field .kb-forms-submit{border-radius:33px;}.kadence-form-1690_a22181-5c .kadence-blocks-form-warning{color:#fda11c;background:var(--global-palette4, #2D3748);}.kb-form input.kadence-blocks-field.verify{opacity:0.0;position:absolute;top:0.0;left:0.0;width:0.0;height:0.0;z-index:-1;}<\/style>\n<div class=\"wp-block-kadence-form kadence-form-1690_a22181-5c kb-form-wrap\"><form class=\"kb-form\" action=\"\" method=\"post\" data-error-message=\"Tous les champs ne sont pas renseign\u00e9s\"><div class=\"kadence-blocks-form-field kb-field-desk-width-50 kb-input-size-standard\"><label for=\"kb_field_1690_a22181-5c_0\">Pr\u00e9nom de la personne effectuant la demande<span class=\"required\">*<\/span><\/label><input name=\"kb_field_0\" id=\"kb_field_1690_a22181-5c_0\" data-label=\"Pr\u00e9nom de la personne effectuant la demande\" type=\"text\" placeholder=\"\" value=\"\" data-type=\"text\" class=\"kb-field kb-text-style-field kb-text-field kb-field-0\" data-required=\"yes\"\/><\/div><div class=\"kadence-blocks-form-field kb-form-field-1 kb-field-desk-width-50 kb-input-size-standard\"><label for=\"kb_field_1690_a22181-5c_1\">Nom<span class=\"required\">*<\/span><\/label><input name=\"kb_field_1\" id=\"kb_field_1690_a22181-5c_1\" data-label=\"Nom\" type=\"text\" placeholder=\"\" value=\"\" data-type=\"text\" class=\"kb-field kb-text-style-field kb-text-field kb-field-1\" data-required=\"yes\"\/><\/div><div class=\"kadence-blocks-form-field kb-form-field-2 kb-field-desk-width-50 kb-input-size-standard\"><label for=\"kb_field_1690_a22181-5c_2\">Poste<span class=\"required\">*<\/span><\/label><input name=\"kb_field_2\" id=\"kb_field_1690_a22181-5c_2\" data-label=\"Poste\" type=\"text\" placeholder=\"\" value=\"\" data-type=\"text\" class=\"kb-field kb-text-style-field kb-text-field kb-field-2\" data-required=\"yes\"\/><\/div><div class=\"kadence-blocks-form-field kb-form-field-3 kb-field-desk-width-50 kb-input-size-standard\"><label for=\"kb_field_1690_a22181-5c_3\">Email<span class=\"required\">*<\/span><\/label><input name=\"kb_field_3\" id=\"kb_field_1690_a22181-5c_3\" data-label=\"Email\" type=\"email\" placeholder=\"\" value=\"\" data-type=\"email\" class=\"kb-field kb-text-style-field kb-email-field kb-field-3\" data-required=\"yes\"\/><\/div><div class=\"kadence-blocks-form-field kb-form-field-4 kb-field-desk-width-50 kb-input-size-standard\"><label for=\"kb_field_1690_a22181-5c_4\">Nom de la structure<span class=\"required\">*<\/span><\/label><input name=\"kb_field_4\" id=\"kb_field_1690_a22181-5c_4\" data-label=\"Nom de la structure\" type=\"text\" placeholder=\"\" value=\"\" data-type=\"text\" class=\"kb-field kb-text-style-field kb-text-field kb-field-4\" data-required=\"yes\"\/><\/div><div class=\"kadence-blocks-form-field kb-form-field-5 kb-field-desk-width-50 kb-input-size-standard\"><label for=\"kb_field_1690_a22181-5c_5\">Lieu d&#8217;implantation<span class=\"required\">*<\/span><\/label><input name=\"kb_field_5\" id=\"kb_field_1690_a22181-5c_5\" data-label=\"Lieu d'implantation\" type=\"text\" placeholder=\"\" value=\"\" data-type=\"text\" class=\"kb-field kb-text-style-field kb-text-field kb-field-5\" data-required=\"yes\"\/><\/div><div class=\"kadence-blocks-form-field kb-form-field-6 kb-field-desk-width-100 kb-input-size-standard\"><label for=\"kb_field_1690_a22181-5c_6\">Zone de texte libre<\/label><textarea name=\"kb_field_6\" id=\"kb_field_1690_a22181-5c_6\" data-label=\"Zone de texte libre\" type=\"textarea\" placeholder=\"\" data-type=\"textarea\" class=\"kb-field kb-text-style-field kb-textarea-field kb-field-6\" rows=\"4\"><\/textarea><\/div><input type=\"hidden\" name=\"_kb_form_id\" value=\"1690_a22181-5c\"\/><input type=\"hidden\" name=\"_kb_form_post_id\" value=\"1690\"\/><input type=\"hidden\" name=\"action\" value=\"kb_process_ajax_submit\"\/><label class=\"kadence-verify-label\">Email<input class=\"kadence-blocks-field verify\" type=\"text\" name=\"_kb_verify_email\" autocomplete=\"new-password\" aria-hidden=\"true\" placeholder=\"Email\" tabindex=\"-1\" data-1p-ignore=\"true\" data-lpignore=\"true\" \/><\/label><div class=\"kadence-blocks-form-field kb-submit-field kb-field-desk-width-100\"><span id=\"kb_submit_label_1690_a22181-5c\" class=\"screen-reader-text kb-submit-desc-label\">Envoyer le message<\/span><button aria-describedby=\"kb_submit_label_1690_a22181-5c\" class=\"kb-forms-submit button kb-button-size-standard kb-button-width-auto\">Faire la demande<\/button><\/div><\/form><\/div>\n<noscript><div class=\"kadence-blocks-form-message kadence-blocks-form-warning\">Veuillez activer JavaScript dans votre navigateur pour envoyer le formulaire.<\/div><style>.kadence-form-1690_a22181-5c .kadence-blocks-form-field.kb-submit-field { display: none; }<\/style><\/noscript><\/div><\/div>\n<\/div><\/div>\n\n<\/div><\/div>\n\n\n<p><\/p>\n","protected":false},"excerpt":{"rendered":"<p>Nos activit\u00e9s vous int\u00e9ressent&nbsp;? Vous souhaitez devenir membre&nbsp;?&nbsp;Tout site industriel implant\u00e9 sur le territoire de la M\u00e9tropole de Rouen peut adh\u00e9rer \u00e0 UPSIDE :<\/p>\n","protected":false},"author":1,"featured_media":0,"parent":0,"menu_order":0,"comment_status":"closed","ping_status":"closed","template":"","meta":{"_kad_post_transparent":"","_kad_post_title":"","_kad_post_layout":"","_kad_post_sidebar_id":"","_kad_post_content_style":"","_kad_post_vertical_padding":"bottom","_kad_post_feature":"","_kad_post_feature_position":"","_kad_post_header":false,"_kad_post_footer":false,"_kad_post_classname":"","footnotes":""},"class_list":["post-1690","page","type-page","status-publish","hentry"],"_links":{"self":[{"href":"https:\/\/upside-bouclesderouen.fr\/membres\/wp-json\/wp\/v2\/pages\/1690","targetHints":{"allow":["GET"]}}],"collection":[{"href":"https:\/\/upside-bouclesderouen.fr\/membres\/wp-json\/wp\/v2\/pages"}],"about":[{"href":"https:\/\/upside-bouclesderouen.fr\/membres\/wp-json\/wp\/v2\/types\/page"}],"author":[{"embeddable":true,"href":"https:\/\/upside-bouclesderouen.fr\/membres\/wp-json\/wp\/v2\/users\/1"}],"replies":[{"embeddable":true,"href":"https:\/\/upside-bouclesderouen.fr\/membres\/wp-json\/wp\/v2\/comments?post=1690"}],"version-history":[{"count":4,"href":"https:\/\/upside-bouclesderouen.fr\/membres\/wp-json\/wp\/v2\/pages\/1690\/revisions"}],"predecessor-version":[{"id":2190,"href":"https:\/\/upside-bouclesderouen.fr\/membres\/wp-json\/wp\/v2\/pages\/1690\/revisions\/2190"}],"wp:attachment":[{"href":"https:\/\/upside-bouclesderouen.fr\/membres\/wp-json\/wp\/v2\/media?parent=1690"}],"curies":[{"name":"wp","href":"https:\/\/api.w.org\/{rel}","templated":true}]}}